{"id":9017,"date":"2023-06-04T00:48:28","date_gmt":"2023-06-03T22:48:28","guid":{"rendered":"https:\/\/univers-pillow.com\/?post_type=product&#038;p=9017"},"modified":"2023-06-04T22:33:32","modified_gmt":"2023-06-04T20:33:32","slug":"boite-perforee-bleu-grande","status":"publish","type":"product","link":"https:\/\/univers-pillow.com\/index.php\/produit\/boite-perforee-bleu-grande\/","title":{"rendered":"Boite perfor\u00e9e bleu grande"},"content":{"rendered":"<p>Apportez une touche de style contemporain \u00e0 votre espace de rangement avec notre grande bo\u00eete perfor\u00e9e bleue. Sa taille g\u00e9n\u00e9reuse en fait l&#8217;accessoire id\u00e9al pour organiser vos affaires de mani\u00e8re efficace tout en ajoutant une touche de couleur vive \u00e0 votre d\u00e9coration. Les perforations astucieusement dispos\u00e9es sur toute la bo\u00eete offrent une ventilation ad\u00e9quate, \u00e9vitant ainsi l&#8217;accumulation d&#8217;humidit\u00e9. Que ce soit pour ranger vos livres, vos v\u00eatements ou vos objets personnels, cette bo\u00eete perfor\u00e9e bleue offre amplement d&#8217;espace et peut \u00eatre facilement empil\u00e9e pour maximiser votre espace de rangement. Optez pour une solution de rangement moderne et pratique avec notre grande bo\u00eete perfor\u00e9e bleue.<\/p>\n","protected":false},"excerpt":{"rendered":"<div class=\"flex flex-grow flex-col gap-3\">\n<div class=\"min-h-[20px] flex flex-col items-start gap-4 whitespace-pre-wrap break-words\">\n<div class=\"markdown prose w-full break-words dark:prose-invert light\">\n<p>Ajoutez une touche de style contemporain avec notre grande bo\u00eete perfor\u00e9e bleue : fonctionnelle et color\u00e9e.<\/p>\n<\/div>\n<\/div>\n<\/div>\n","protected":false},"featured_media":9387,"comment_status":"open","ping_status":"closed","template":"","meta":{"_monsterinsights_skip_tracking":false,"_monsterinsights_sitenote_active":false,"_monsterinsights_sitenote_note":"","_monsterinsights_sitenote_category":0},"product_cat":[86],"product_tag":[],"yoast_head":"<!-- This site is optimized with the Yoast SEO plugin v20.9 - https:\/\/yoast.com\/wordpress\/plugins\/seo\/ -->\n<title>Boite perfor\u00e9e bleu grande - Accessoires decoration maison Univers Pillow<\/title>\n<meta name=\"description\" content=\"rangement pratique, solution de rangement, organisateur d&#039;espace, bo\u00eete de rangement, bo\u00eete en couleur tendance, design esth\u00e9tique, int\u00e9rieur styl\u00e9\" \/>\n<meta name=\"robots\" content=\"index, follow, max-snippet:-1, max-image-preview:large, max-video-preview:-1\" \/>\n<link rel=\"canonical\" href=\"https:\/\/univers-pillow.com\/index.php\/produit\/boite-perforee-bleu-grande\/\" \/>\n<meta property=\"og:locale\" content=\"en_US\" \/>\n<meta property=\"og:type\" content=\"article\" \/>\n<meta property=\"og:title\" content=\"Boite perfor\u00e9e bleu grande - Accessoires decoration maison Univers Pillow\" \/>\n<meta property=\"og:description\" content=\"rangement pratique, solution de rangement, organisateur d&#039;espace, bo\u00eete de rangement, bo\u00eete en couleur tendance, design esth\u00e9tique, int\u00e9rieur styl\u00e9\" \/>\n<meta property=\"og:url\" content=\"https:\/\/univers-pillow.com\/index.php\/produit\/boite-perforee-bleu-grande\/\" \/>\n<meta property=\"og:site_name\" content=\"Accessoires decoration maison Univers Pillow\" \/>\n<meta property=\"article:modified_time\" content=\"2023-06-04T20:33:32+00:00\" \/>\n<meta property=\"og:image\" content=\"https:\/\/univers-pillow.com\/wp-content\/uploads\/2023\/05\/Untitled-7-2.jpg\" \/>\n\t<meta property=\"og:image:width\" content=\"2000\" \/>\n\t<meta property=\"og:image:height\" content=\"2000\" \/>\n\t<meta property=\"og:image:type\" content=\"image\/jpeg\" \/>\n<meta name=\"twitter:card\" content=\"summary_large_image\" \/>\n<meta name=\"twitter:label1\" content=\"Est. reading time\" \/>\n\t<meta name=\"twitter:data1\" content=\"1 minute\" \/>\n<script type=\"application\/ld+json\" class=\"yoast-schema-graph\">{\"@context\":\"https:\/\/schema.org\",\"@graph\":[{\"@type\":\"WebPage\",\"@id\":\"https:\/\/univers-pillow.com\/index.php\/produit\/boite-perforee-bleu-grande\/\",\"url\":\"https:\/\/univers-pillow.com\/index.php\/produit\/boite-perforee-bleu-grande\/\",\"name\":\"Boite perfor\u00e9e bleu grande - Accessoires decoration maison Univers Pillow\",\"isPartOf\":{\"@id\":\"https:\/\/univers-pillow.com\/#website\"},\"datePublished\":\"2023-06-03T22:48:28+00:00\",\"dateModified\":\"2023-06-04T20:33:32+00:00\",\"description\":\"rangement pratique, solution de rangement, organisateur d'espace, bo\u00eete de rangement, bo\u00eete en couleur tendance, design esth\u00e9tique, int\u00e9rieur styl\u00e9\",\"breadcrumb\":{\"@id\":\"https:\/\/univers-pillow.com\/index.php\/produit\/boite-perforee-bleu-grande\/#breadcrumb\"},\"inLanguage\":\"en-US\",\"potentialAction\":[{\"@type\":\"ReadAction\",\"target\":[\"https:\/\/univers-pillow.com\/index.php\/produit\/boite-perforee-bleu-grande\/\"]}]},{\"@type\":\"BreadcrumbList\",\"@id\":\"https:\/\/univers-pillow.com\/index.php\/produit\/boite-perforee-bleu-grande\/#breadcrumb\",\"itemListElement\":[{\"@type\":\"ListItem\",\"position\":1,\"name\":\"Accueil\",\"item\":\"https:\/\/univers-pillow.com\/\"},{\"@type\":\"ListItem\",\"position\":2,\"name\":\"Boutique\",\"item\":\"https:\/\/univers-pillow.com\/index.php\/boutique\/\"},{\"@type\":\"ListItem\",\"position\":3,\"name\":\"Boite perfor\u00e9e bleu grande\"}]},{\"@type\":\"WebSite\",\"@id\":\"https:\/\/univers-pillow.com\/#website\",\"url\":\"https:\/\/univers-pillow.com\/\",\"name\":\"Accessoires decoration maison Univers Pillow\",\"description\":\"\",\"potentialAction\":[{\"@type\":\"SearchAction\",\"target\":{\"@type\":\"EntryPoint\",\"urlTemplate\":\"https:\/\/univers-pillow.com\/?s={search_term_string}\"},\"query-input\":\"required name=search_term_string\"}],\"inLanguage\":\"en-US\"}]}<\/script>\n<!-- \/ Yoast SEO plugin. -->","yoast_head_json":{"title":"Boite perfor\u00e9e bleu grande - Accessoires decoration maison Univers Pillow","description":"rangement pratique, solution de rangement, organisateur d'espace, bo\u00eete de rangement, bo\u00eete en couleur tendance, design esth\u00e9tique, int\u00e9rieur styl\u00e9","robots":{"index":"index","follow":"follow","max-snippet":"max-snippet:-1","max-image-preview":"max-image-preview:large","max-video-preview":"max-video-preview:-1"},"canonical":"https:\/\/univers-pillow.com\/index.php\/produit\/boite-perforee-bleu-grande\/","og_locale":"en_US","og_type":"article","og_title":"Boite perfor\u00e9e bleu grande - Accessoires decoration maison Univers Pillow","og_description":"rangement pratique, solution de rangement, organisateur d'espace, bo\u00eete de rangement, bo\u00eete en couleur tendance, design esth\u00e9tique, int\u00e9rieur styl\u00e9","og_url":"https:\/\/univers-pillow.com\/index.php\/produit\/boite-perforee-bleu-grande\/","og_site_name":"Accessoires decoration maison Univers Pillow","article_modified_time":"2023-06-04T20:33:32+00:00","og_image":[{"width":2000,"height":2000,"url":"https:\/\/univers-pillow.com\/wp-content\/uploads\/2023\/05\/Untitled-7-2.jpg","type":"image\/jpeg"}],"twitter_card":"summary_large_image","twitter_misc":{"Est. reading time":"1 minute"},"schema":{"@context":"https:\/\/schema.org","@graph":[{"@type":"WebPage","@id":"https:\/\/univers-pillow.com\/index.php\/produit\/boite-perforee-bleu-grande\/","url":"https:\/\/univers-pillow.com\/index.php\/produit\/boite-perforee-bleu-grande\/","name":"Boite perfor\u00e9e bleu grande - Accessoires decoration maison Univers Pillow","isPartOf":{"@id":"https:\/\/univers-pillow.com\/#website"},"datePublished":"2023-06-03T22:48:28+00:00","dateModified":"2023-06-04T20:33:32+00:00","description":"rangement pratique, solution de rangement, organisateur d'espace, bo\u00eete de rangement, bo\u00eete en couleur tendance, design esth\u00e9tique, int\u00e9rieur styl\u00e9","breadcrumb":{"@id":"https:\/\/univers-pillow.com\/index.php\/produit\/boite-perforee-bleu-grande\/#breadcrumb"},"inLanguage":"en-US","potentialAction":[{"@type":"ReadAction","target":["https:\/\/univers-pillow.com\/index.php\/produit\/boite-perforee-bleu-grande\/"]}]},{"@type":"BreadcrumbList","@id":"https:\/\/univers-pillow.com\/index.php\/produit\/boite-perforee-bleu-grande\/#breadcrumb","itemListElement":[{"@type":"ListItem","position":1,"name":"Accueil","item":"https:\/\/univers-pillow.com\/"},{"@type":"ListItem","position":2,"name":"Boutique","item":"https:\/\/univers-pillow.com\/index.php\/boutique\/"},{"@type":"ListItem","position":3,"name":"Boite perfor\u00e9e bleu grande"}]},{"@type":"WebSite","@id":"https:\/\/univers-pillow.com\/#website","url":"https:\/\/univers-pillow.com\/","name":"Accessoires decoration maison Univers Pillow","description":"","potentialAction":[{"@type":"SearchAction","target":{"@type":"EntryPoint","urlTemplate":"https:\/\/univers-pillow.com\/?s={search_term_string}"},"query-input":"required name=search_term_string"}],"inLanguage":"en-US"}]}},"_links":{"self":[{"href":"https:\/\/univers-pillow.com\/index.php\/wp-json\/wp\/v2\/product\/9017"}],"collection":[{"href":"https:\/\/univers-pillow.com\/index.php\/wp-json\/wp\/v2\/product"}],"about":[{"href":"https:\/\/univers-pillow.com\/index.php\/wp-json\/wp\/v2\/types\/product"}],"replies":[{"embeddable":true,"href":"https:\/\/univers-pillow.com\/index.php\/wp-json\/wp\/v2\/comments?post=9017"}],"version-history":[{"count":1,"href":"https:\/\/univers-pillow.com\/index.php\/wp-json\/wp\/v2\/product\/9017\/revisions"}],"predecessor-version":[{"id":9018,"href":"https:\/\/univers-pillow.com\/index.php\/wp-json\/wp\/v2\/product\/9017\/revisions\/9018"}],"wp:featuredmedia":[{"embeddable":true,"href":"https:\/\/univers-pillow.com\/index.php\/wp-json\/wp\/v2\/media\/9387"}],"wp:attachment":[{"href":"https:\/\/univers-pillow.com\/index.php\/wp-json\/wp\/v2\/media?parent=9017"}],"wp:term":[{"taxonomy":"product_cat","embeddable":true,"href":"https:\/\/univers-pillow.com\/index.php\/wp-json\/wp\/v2\/product_cat?post=9017"},{"taxonomy":"product_tag","embeddable":true,"href":"https:\/\/univers-pillow.com\/index.php\/wp-json\/wp\/v2\/product_tag?post=9017"}],"curies":[{"name":"wp","href":"https:\/\/api.w.org\/{rel}","templated":true}]}}