{"id":9275,"date":"2023-06-03T15:35:26","date_gmt":"2023-06-03T13:35:26","guid":{"rendered":"https:\/\/univers-pillow.com\/?post_type=product&#038;p=9275"},"modified":"2023-06-04T22:57:54","modified_gmt":"2023-06-04T20:57:54","slug":"vase-o","status":"publish","type":"product","link":"https:\/\/univers-pillow.com\/index.php\/produit\/vase-o\/","title":{"rendered":"VASE O"},"content":{"rendered":"<p>Ajoutez une touche de sophistication \u00e0 votre d\u00e9coration avec notre vase O. Fabriqu\u00e9 avec soin, ce vase pr\u00e9sente un design minimaliste et contemporain qui s&#8217;int\u00e8gre parfaitement \u00e0 tous les styles d&#8217;int\u00e9rieur. Sa forme circulaire et sa finition lisse cr\u00e9ent un effet visuel attrayant, mettant en valeur vos fleurs et vos arrangements floraux. Fabriqu\u00e9 \u00e0 partir de mat\u00e9riaux de qualit\u00e9, ce vase est durable et r\u00e9sistant. Placez-le sur une table, une \u00e9tag\u00e8re ou tout autre espace de votre choix pour ajouter une touche d&#8217;\u00e9l\u00e9gance \u00e0 votre environnement.<\/p>\n","protected":false},"excerpt":{"rendered":"<p>Vase O : design minimaliste et \u00e9l\u00e9gant pour sublimer vos fleurs.<\/p>\n","protected":false},"featured_media":9298,"comment_status":"open","ping_status":"closed","template":"","meta":{"_monsterinsights_skip_tracking":false,"_monsterinsights_sitenote_active":false,"_monsterinsights_sitenote_note":"","_monsterinsights_sitenote_category":0},"product_cat":[86],"product_tag":[],"yoast_head":"<!-- This site is optimized with the Yoast SEO plugin v20.9 - https:\/\/yoast.com\/wordpress\/plugins\/seo\/ -->\n<title>VASE O - Accessoires decoration maison Univers Pillow<\/title>\n<meta name=\"robots\" content=\"index, follow, max-snippet:-1, max-image-preview:large, max-video-preview:-1\" \/>\n<link rel=\"canonical\" href=\"https:\/\/univers-pillow.com\/index.php\/produit\/vase-o\/\" \/>\n<meta property=\"og:locale\" content=\"en_US\" \/>\n<meta property=\"og:type\" content=\"article\" \/>\n<meta property=\"og:title\" content=\"VASE O - Accessoires decoration maison Univers Pillow\" \/>\n<meta property=\"og:description\" content=\"Vase O : design minimaliste et \u00e9l\u00e9gant pour sublimer vos fleurs.\" \/>\n<meta property=\"og:url\" content=\"https:\/\/univers-pillow.com\/index.php\/produit\/vase-o\/\" \/>\n<meta property=\"og:site_name\" content=\"Accessoires decoration maison Univers Pillow\" \/>\n<meta property=\"article:modified_time\" content=\"2023-06-04T20:57:54+00:00\" \/>\n<meta property=\"og:image\" content=\"https:\/\/univers-pillow.com\/wp-content\/uploads\/2023\/05\/vases-4.jpg\" \/>\n\t<meta property=\"og:image:width\" content=\"2000\" \/>\n\t<meta property=\"og:image:height\" content=\"2000\" \/>\n\t<meta property=\"og:image:type\" content=\"image\/jpeg\" \/>\n<meta name=\"twitter:card\" content=\"summary_large_image\" \/>\n<script type=\"application\/ld+json\" class=\"yoast-schema-graph\">{\"@context\":\"https:\/\/schema.org\",\"@graph\":[{\"@type\":\"WebPage\",\"@id\":\"https:\/\/univers-pillow.com\/index.php\/produit\/vase-o\/\",\"url\":\"https:\/\/univers-pillow.com\/index.php\/produit\/vase-o\/\",\"name\":\"VASE O - Accessoires decoration maison Univers Pillow\",\"isPartOf\":{\"@id\":\"https:\/\/univers-pillow.com\/#website\"},\"datePublished\":\"2023-06-03T13:35:26+00:00\",\"dateModified\":\"2023-06-04T20:57:54+00:00\",\"breadcrumb\":{\"@id\":\"https:\/\/univers-pillow.com\/index.php\/produit\/vase-o\/#breadcrumb\"},\"inLanguage\":\"en-US\",\"potentialAction\":[{\"@type\":\"ReadAction\",\"target\":[\"https:\/\/univers-pillow.com\/index.php\/produit\/vase-o\/\"]}]},{\"@type\":\"BreadcrumbList\",\"@id\":\"https:\/\/univers-pillow.com\/index.php\/produit\/vase-o\/#breadcrumb\",\"itemListElement\":[{\"@type\":\"ListItem\",\"position\":1,\"name\":\"Accueil\",\"item\":\"https:\/\/univers-pillow.com\/\"},{\"@type\":\"ListItem\",\"position\":2,\"name\":\"Boutique\",\"item\":\"https:\/\/univers-pillow.com\/index.php\/boutique\/\"},{\"@type\":\"ListItem\",\"position\":3,\"name\":\"VASE O\"}]},{\"@type\":\"WebSite\",\"@id\":\"https:\/\/univers-pillow.com\/#website\",\"url\":\"https:\/\/univers-pillow.com\/\",\"name\":\"Accessoires decoration maison Univers Pillow\",\"description\":\"\",\"potentialAction\":[{\"@type\":\"SearchAction\",\"target\":{\"@type\":\"EntryPoint\",\"urlTemplate\":\"https:\/\/univers-pillow.com\/?s={search_term_string}\"},\"query-input\":\"required name=search_term_string\"}],\"inLanguage\":\"en-US\"}]}<\/script>\n<!-- \/ Yoast SEO plugin. -->","yoast_head_json":{"title":"VASE O - Accessoires decoration maison Univers Pillow","robots":{"index":"index","follow":"follow","max-snippet":"max-snippet:-1","max-image-preview":"max-image-preview:large","max-video-preview":"max-video-preview:-1"},"canonical":"https:\/\/univers-pillow.com\/index.php\/produit\/vase-o\/","og_locale":"en_US","og_type":"article","og_title":"VASE O - Accessoires decoration maison Univers Pillow","og_description":"Vase O : design minimaliste et \u00e9l\u00e9gant pour sublimer vos fleurs.","og_url":"https:\/\/univers-pillow.com\/index.php\/produit\/vase-o\/","og_site_name":"Accessoires decoration maison Univers Pillow","article_modified_time":"2023-06-04T20:57:54+00:00","og_image":[{"width":2000,"height":2000,"url":"https:\/\/univers-pillow.com\/wp-content\/uploads\/2023\/05\/vases-4.jpg","type":"image\/jpeg"}],"twitter_card":"summary_large_image","schema":{"@context":"https:\/\/schema.org","@graph":[{"@type":"WebPage","@id":"https:\/\/univers-pillow.com\/index.php\/produit\/vase-o\/","url":"https:\/\/univers-pillow.com\/index.php\/produit\/vase-o\/","name":"VASE O - Accessoires decoration maison Univers Pillow","isPartOf":{"@id":"https:\/\/univers-pillow.com\/#website"},"datePublished":"2023-06-03T13:35:26+00:00","dateModified":"2023-06-04T20:57:54+00:00","breadcrumb":{"@id":"https:\/\/univers-pillow.com\/index.php\/produit\/vase-o\/#breadcrumb"},"inLanguage":"en-US","potentialAction":[{"@type":"ReadAction","target":["https:\/\/univers-pillow.com\/index.php\/produit\/vase-o\/"]}]},{"@type":"BreadcrumbList","@id":"https:\/\/univers-pillow.com\/index.php\/produit\/vase-o\/#breadcrumb","itemListElement":[{"@type":"ListItem","position":1,"name":"Accueil","item":"https:\/\/univers-pillow.com\/"},{"@type":"ListItem","position":2,"name":"Boutique","item":"https:\/\/univers-pillow.com\/index.php\/boutique\/"},{"@type":"ListItem","position":3,"name":"VASE O"}]},{"@type":"WebSite","@id":"https:\/\/univers-pillow.com\/#website","url":"https:\/\/univers-pillow.com\/","name":"Accessoires decoration maison Univers Pillow","description":"","potentialAction":[{"@type":"SearchAction","target":{"@type":"EntryPoint","urlTemplate":"https:\/\/univers-pillow.com\/?s={search_term_string}"},"query-input":"required name=search_term_string"}],"inLanguage":"en-US"}]}},"_links":{"self":[{"href":"https:\/\/univers-pillow.com\/index.php\/wp-json\/wp\/v2\/product\/9275"}],"collection":[{"href":"https:\/\/univers-pillow.com\/index.php\/wp-json\/wp\/v2\/product"}],"about":[{"href":"https:\/\/univers-pillow.com\/index.php\/wp-json\/wp\/v2\/types\/product"}],"replies":[{"embeddable":true,"href":"https:\/\/univers-pillow.com\/index.php\/wp-json\/wp\/v2\/comments?post=9275"}],"version-history":[{"count":1,"href":"https:\/\/univers-pillow.com\/index.php\/wp-json\/wp\/v2\/product\/9275\/revisions"}],"predecessor-version":[{"id":9280,"href":"https:\/\/univers-pillow.com\/index.php\/wp-json\/wp\/v2\/product\/9275\/revisions\/9280"}],"wp:featuredmedia":[{"embeddable":true,"href":"https:\/\/univers-pillow.com\/index.php\/wp-json\/wp\/v2\/media\/9298"}],"wp:attachment":[{"href":"https:\/\/univers-pillow.com\/index.php\/wp-json\/wp\/v2\/media?parent=9275"}],"wp:term":[{"taxonomy":"product_cat","embeddable":true,"href":"https:\/\/univers-pillow.com\/index.php\/wp-json\/wp\/v2\/product_cat?post=9275"},{"taxonomy":"product_tag","embeddable":true,"href":"https:\/\/univers-pillow.com\/index.php\/wp-json\/wp\/v2\/product_tag?post=9275"}],"curies":[{"name":"wp","href":"https:\/\/api.w.org\/{rel}","templated":true}]}}