{"id":9278,"date":"2023-06-03T15:32:06","date_gmt":"2023-06-03T13:32:06","guid":{"rendered":"https:\/\/univers-pillow.com\/?post_type=product&#038;p=9278"},"modified":"2023-06-04T23:11:22","modified_gmt":"2023-06-04T21:11:22","slug":"vase-rose","status":"publish","type":"product","link":"https:\/\/univers-pillow.com\/index.php\/produit\/vase-rose\/","title":{"rendered":"VASE ROSE"},"content":{"rendered":"<p>Ajoutez une touche de f\u00e9minit\u00e9 et de romantisme \u00e0 votre d\u00e9coration avec notre vase rose. Fabriqu\u00e9 avec soin, ce vase en verre pr\u00e9sente une teinte rose d\u00e9licate qui apporte douceur et \u00e9l\u00e9gance \u00e0 votre espace. Sa forme classique et son fini lisse mettent en valeur vos fleurs et arrangements floraux, cr\u00e9ant ainsi un point focal charmant. Que ce soit sur une table, une \u00e9tag\u00e8re ou une commode, ce vase rose ajoute une touche de couleur et de style \u00e0 votre int\u00e9rieur, cr\u00e9ant une atmosph\u00e8re chaleureuse et accueillante.<\/p>\n","protected":false},"excerpt":{"rendered":"<p>Vase rose : f\u00e9minin, \u00e9l\u00e9gant et parfait pour apporter une touche de couleur \u00e0 votre d\u00e9coration.<\/p>\n","protected":false},"featured_media":9297,"comment_status":"open","ping_status":"closed","template":"","meta":{"_monsterinsights_skip_tracking":false,"_monsterinsights_sitenote_active":false,"_monsterinsights_sitenote_note":"","_monsterinsights_sitenote_category":0},"product_cat":[99,86],"product_tag":[],"yoast_head":"<!-- This site is optimized with the Yoast SEO plugin v20.9 - https:\/\/yoast.com\/wordpress\/plugins\/seo\/ -->\n<title>VASE ROSE - Accessoires decoration maison Univers Pillow<\/title>\n<meta name=\"robots\" content=\"index, follow, max-snippet:-1, max-image-preview:large, max-video-preview:-1\" \/>\n<link rel=\"canonical\" href=\"https:\/\/univers-pillow.com\/index.php\/produit\/vase-rose\/\" \/>\n<meta property=\"og:locale\" content=\"en_US\" \/>\n<meta property=\"og:type\" content=\"article\" \/>\n<meta property=\"og:title\" content=\"VASE ROSE - Accessoires decoration maison Univers Pillow\" \/>\n<meta property=\"og:description\" content=\"Vase rose : f\u00e9minin, \u00e9l\u00e9gant et parfait pour apporter une touche de couleur \u00e0 votre d\u00e9coration.\" \/>\n<meta property=\"og:url\" content=\"https:\/\/univers-pillow.com\/index.php\/produit\/vase-rose\/\" \/>\n<meta property=\"og:site_name\" content=\"Accessoires decoration maison Univers Pillow\" \/>\n<meta property=\"article:modified_time\" content=\"2023-06-04T21:11:22+00:00\" \/>\n<meta property=\"og:image\" content=\"https:\/\/univers-pillow.com\/wp-content\/uploads\/2023\/05\/vases-13.jpg\" \/>\n\t<meta property=\"og:image:width\" content=\"2000\" \/>\n\t<meta property=\"og:image:height\" content=\"2000\" \/>\n\t<meta property=\"og:image:type\" content=\"image\/jpeg\" \/>\n<meta name=\"twitter:card\" content=\"summary_large_image\" \/>\n<meta name=\"twitter:label1\" content=\"Est. reading time\" \/>\n\t<meta name=\"twitter:data1\" content=\"1 minute\" \/>\n<script type=\"application\/ld+json\" class=\"yoast-schema-graph\">{\"@context\":\"https:\/\/schema.org\",\"@graph\":[{\"@type\":\"WebPage\",\"@id\":\"https:\/\/univers-pillow.com\/index.php\/produit\/vase-rose\/\",\"url\":\"https:\/\/univers-pillow.com\/index.php\/produit\/vase-rose\/\",\"name\":\"VASE ROSE - Accessoires decoration maison Univers Pillow\",\"isPartOf\":{\"@id\":\"https:\/\/univers-pillow.com\/#website\"},\"datePublished\":\"2023-06-03T13:32:06+00:00\",\"dateModified\":\"2023-06-04T21:11:22+00:00\",\"breadcrumb\":{\"@id\":\"https:\/\/univers-pillow.com\/index.php\/produit\/vase-rose\/#breadcrumb\"},\"inLanguage\":\"en-US\",\"potentialAction\":[{\"@type\":\"ReadAction\",\"target\":[\"https:\/\/univers-pillow.com\/index.php\/produit\/vase-rose\/\"]}]},{\"@type\":\"BreadcrumbList\",\"@id\":\"https:\/\/univers-pillow.com\/index.php\/produit\/vase-rose\/#breadcrumb\",\"itemListElement\":[{\"@type\":\"ListItem\",\"position\":1,\"name\":\"Accueil\",\"item\":\"https:\/\/univers-pillow.com\/\"},{\"@type\":\"ListItem\",\"position\":2,\"name\":\"Boutique\",\"item\":\"https:\/\/univers-pillow.com\/index.php\/boutique\/\"},{\"@type\":\"ListItem\",\"position\":3,\"name\":\"VASE ROSE\"}]},{\"@type\":\"WebSite\",\"@id\":\"https:\/\/univers-pillow.com\/#website\",\"url\":\"https:\/\/univers-pillow.com\/\",\"name\":\"Accessoires decoration maison Univers Pillow\",\"description\":\"\",\"potentialAction\":[{\"@type\":\"SearchAction\",\"target\":{\"@type\":\"EntryPoint\",\"urlTemplate\":\"https:\/\/univers-pillow.com\/?s={search_term_string}\"},\"query-input\":\"required name=search_term_string\"}],\"inLanguage\":\"en-US\"}]}<\/script>\n<!-- \/ Yoast SEO plugin. -->","yoast_head_json":{"title":"VASE ROSE - Accessoires decoration maison Univers Pillow","robots":{"index":"index","follow":"follow","max-snippet":"max-snippet:-1","max-image-preview":"max-image-preview:large","max-video-preview":"max-video-preview:-1"},"canonical":"https:\/\/univers-pillow.com\/index.php\/produit\/vase-rose\/","og_locale":"en_US","og_type":"article","og_title":"VASE ROSE - Accessoires decoration maison Univers Pillow","og_description":"Vase rose : f\u00e9minin, \u00e9l\u00e9gant et parfait pour apporter une touche de couleur \u00e0 votre d\u00e9coration.","og_url":"https:\/\/univers-pillow.com\/index.php\/produit\/vase-rose\/","og_site_name":"Accessoires decoration maison Univers Pillow","article_modified_time":"2023-06-04T21:11:22+00:00","og_image":[{"width":2000,"height":2000,"url":"https:\/\/univers-pillow.com\/wp-content\/uploads\/2023\/05\/vases-13.jpg","type":"image\/jpeg"}],"twitter_card":"summary_large_image","twitter_misc":{"Est. reading time":"1 minute"},"schema":{"@context":"https:\/\/schema.org","@graph":[{"@type":"WebPage","@id":"https:\/\/univers-pillow.com\/index.php\/produit\/vase-rose\/","url":"https:\/\/univers-pillow.com\/index.php\/produit\/vase-rose\/","name":"VASE ROSE - Accessoires decoration maison Univers Pillow","isPartOf":{"@id":"https:\/\/univers-pillow.com\/#website"},"datePublished":"2023-06-03T13:32:06+00:00","dateModified":"2023-06-04T21:11:22+00:00","breadcrumb":{"@id":"https:\/\/univers-pillow.com\/index.php\/produit\/vase-rose\/#breadcrumb"},"inLanguage":"en-US","potentialAction":[{"@type":"ReadAction","target":["https:\/\/univers-pillow.com\/index.php\/produit\/vase-rose\/"]}]},{"@type":"BreadcrumbList","@id":"https:\/\/univers-pillow.com\/index.php\/produit\/vase-rose\/#breadcrumb","itemListElement":[{"@type":"ListItem","position":1,"name":"Accueil","item":"https:\/\/univers-pillow.com\/"},{"@type":"ListItem","position":2,"name":"Boutique","item":"https:\/\/univers-pillow.com\/index.php\/boutique\/"},{"@type":"ListItem","position":3,"name":"VASE ROSE"}]},{"@type":"WebSite","@id":"https:\/\/univers-pillow.com\/#website","url":"https:\/\/univers-pillow.com\/","name":"Accessoires decoration maison Univers Pillow","description":"","potentialAction":[{"@type":"SearchAction","target":{"@type":"EntryPoint","urlTemplate":"https:\/\/univers-pillow.com\/?s={search_term_string}"},"query-input":"required name=search_term_string"}],"inLanguage":"en-US"}]}},"_links":{"self":[{"href":"https:\/\/univers-pillow.com\/index.php\/wp-json\/wp\/v2\/product\/9278"}],"collection":[{"href":"https:\/\/univers-pillow.com\/index.php\/wp-json\/wp\/v2\/product"}],"about":[{"href":"https:\/\/univers-pillow.com\/index.php\/wp-json\/wp\/v2\/types\/product"}],"replies":[{"embeddable":true,"href":"https:\/\/univers-pillow.com\/index.php\/wp-json\/wp\/v2\/comments?post=9278"}],"version-history":[{"count":2,"href":"https:\/\/univers-pillow.com\/index.php\/wp-json\/wp\/v2\/product\/9278\/revisions"}],"predecessor-version":[{"id":9418,"href":"https:\/\/univers-pillow.com\/index.php\/wp-json\/wp\/v2\/product\/9278\/revisions\/9418"}],"wp:featuredmedia":[{"embeddable":true,"href":"https:\/\/univers-pillow.com\/index.php\/wp-json\/wp\/v2\/media\/9297"}],"wp:attachment":[{"href":"https:\/\/univers-pillow.com\/index.php\/wp-json\/wp\/v2\/media?parent=9278"}],"wp:term":[{"taxonomy":"product_cat","embeddable":true,"href":"https:\/\/univers-pillow.com\/index.php\/wp-json\/wp\/v2\/product_cat?post=9278"},{"taxonomy":"product_tag","embeddable":true,"href":"https:\/\/univers-pillow.com\/index.php\/wp-json\/wp\/v2\/product_tag?post=9278"}],"curies":[{"name":"wp","href":"https:\/\/api.w.org\/{rel}","templated":true}]}}